{"id":1107,"date":"2024-08-09T13:01:37","date_gmt":"2024-08-09T13:01:37","guid":{"rendered":"http:\/\/ladreve.com\/vente-immobiliere\/"},"modified":"2024-09-17T08:17:18","modified_gmt":"2024-09-17T08:17:18","slug":"gayrimenkul-satisi","status":"publish","type":"page","link":"https:\/\/ladreve.com\/tr\/gayrimenkul-satisi\/","title":{"rendered":"Gayrimenkul Sat\u0131\u015f\u0131"},"content":{"rendered":"","protected":false},"excerpt":{"rendered":"","protected":false},"author":1,"featured_media":0,"parent":0,"menu_order":0,"comment_status":"closed","ping_status":"closed","template":"page-service-detail.php","meta":{"_acf_changed":false,"inline_featured_image":false,"footnotes":""},"class_list":["post-1107","page","type-page","status-publish","hentry"],"acf":[],"_links":{"self":[{"href":"https:\/\/ladreve.com\/tr\/wp-json\/wp\/v2\/pages\/1107","targetHints":{"allow":["GET"]}}],"collection":[{"href":"https:\/\/ladreve.com\/tr\/wp-json\/wp\/v2\/pages"}],"about":[{"href":"https:\/\/ladreve.com\/tr\/wp-json\/wp\/v2\/types\/page"}],"author":[{"embeddable":true,"href":"https:\/\/ladreve.com\/tr\/wp-json\/wp\/v2\/users\/1"}],"replies":[{"embeddable":true,"href":"https:\/\/ladreve.com\/tr\/wp-json\/wp\/v2\/comments?post=1107"}],"version-history":[{"count":2,"href":"https:\/\/ladreve.com\/tr\/wp-json\/wp\/v2\/pages\/1107\/revisions"}],"predecessor-version":[{"id":1109,"href":"https:\/\/ladreve.com\/tr\/wp-json\/wp\/v2\/pages\/1107\/revisions\/1109"}],"wp:attachment":[{"href":"https:\/\/ladreve.com\/tr\/wp-json\/wp\/v2\/media?parent=1107"}],"curies":[{"name":"wp","href":"https:\/\/api.w.org\/{rel}","templated":true}]}}