{"id":1103,"date":"2024-08-06T07:31:50","date_gmt":"2024-08-06T07:31:50","guid":{"rendered":"http:\/\/ladreve.com\/vendre-une-propriete\/"},"modified":"2024-10-25T14:27:21","modified_gmt":"2024-10-25T14:27:21","slug":"mulkunuzu-satin","status":"publish","type":"page","link":"https:\/\/ladreve.com\/tr\/mulkunuzu-satin\/","title":{"rendered":"M\u00fclk\u00fcn\u00fcz\u00fc Sat\u0131n"},"content":{"rendered":"","protected":false},"excerpt":{"rendered":"","protected":false},"author":1,"featured_media":0,"parent":0,"menu_order":0,"comment_status":"closed","ping_status":"closed","template":"page-property-form.php","meta":{"_acf_changed":false,"inline_featured_image":false,"footnotes":""},"class_list":["post-1103","page","type-page","status-publish","hentry"],"acf":[],"_links":{"self":[{"href":"https:\/\/ladreve.com\/tr\/wp-json\/wp\/v2\/pages\/1103","targetHints":{"allow":["GET"]}}],"collection":[{"href":"https:\/\/ladreve.com\/tr\/wp-json\/wp\/v2\/pages"}],"about":[{"href":"https:\/\/ladreve.com\/tr\/wp-json\/wp\/v2\/types\/page"}],"author":[{"embeddable":true,"href":"https:\/\/ladreve.com\/tr\/wp-json\/wp\/v2\/users\/1"}],"replies":[{"embeddable":true,"href":"https:\/\/ladreve.com\/tr\/wp-json\/wp\/v2\/comments?post=1103"}],"version-history":[{"count":9,"href":"https:\/\/ladreve.com\/tr\/wp-json\/wp\/v2\/pages\/1103\/revisions"}],"predecessor-version":[{"id":1802,"href":"https:\/\/ladreve.com\/tr\/wp-json\/wp\/v2\/pages\/1103\/revisions\/1802"}],"wp:attachment":[{"href":"https:\/\/ladreve.com\/tr\/wp-json\/wp\/v2\/media?parent=1103"}],"curies":[{"name":"wp","href":"https:\/\/api.w.org\/{rel}","templated":true}]}}