{"id":1073,"date":"2024-09-03T14:07:27","date_gmt":"2024-09-03T14:07:27","guid":{"rendered":"http:\/\/ladreve.com\/gerer-les-parametres-des-cookies\/"},"modified":"2024-11-05T10:35:55","modified_gmt":"2024-11-05T10:35:55","slug":"cerez-ayarlarini-yonet","status":"publish","type":"page","link":"https:\/\/ladreve.com\/tr\/cerez-ayarlarini-yonet\/","title":{"rendered":"\u00c7erez Ayarlar\u0131n\u0131 Y\u00f6net"},"content":{"rendered":"<h2>Yorumlama ve Tan\u0131mlar<\/h2>\n<h3>Yorumlama<\/h3>\n<p>\u0130lk harfi b\u00fcy\u00fck olan kelimeler, a\u015fa\u011f\u0131daki \u015fartlarda tan\u0131mlanan anlamlara sahiptir. Bu tan\u0131mlar, tekil veya \u00e7o\u011ful bi\u00e7imde g\u00f6r\u00fcnmeleri fark etmeksizin ayn\u0131 anlam\u0131 ta\u015f\u0131r.<\/p>\n<h3>Tan\u0131mlar<\/h3>\n<p>Bu \u00e7erez politikas\u0131 ba\u011flam\u0131nda:<\/p>\n<ul>\n<li><strong>\u015eirket<\/strong> (&#8220;\u015eirket&#8221;, &#8220;Biz&#8221;, &#8220;Bizim&#8221; veya &#8220;Bizimki&#8221; olarak an\u0131labilir) La Dr\u00e8ve Real Estate\u2019i ifade eder.<\/li>\n<li><strong>\u00c7erezler<\/strong> (Cookies), bir web sitesi taraf\u0131ndan bilgisayar\u0131n\u0131za, mobil cihaz\u0131n\u0131za veya di\u011fer cihazlar\u0131n\u0131za yerle\u015ftirilen ve bu web sitesindeki tarama ge\u00e7mi\u015finizle ilgili detaylar\u0131 i\u00e7eren k\u00fc\u00e7\u00fck dosyalard\u0131r; bir\u00e7ok kullan\u0131m amac\u0131na sahiptir.<\/li>\n<li><strong>Web Sitesi<\/strong> La Dr\u00e8ve Real Estate\u2019i ifade eder ve <a href=\"https:\/\/ladreve.com\/tr\/\">ladreve.com<\/a> adresinden eri\u015filebilir.<\/li>\n<li><strong>Siz<\/strong> Web Sitesine eri\u015fen veya kullanan bireyi, ya da bu bireyin Web Sitesine eri\u015fmesini veya kullanmas\u0131n\u0131 sa\u011flayan bir i\u015fletmeyi veya herhangi bir hukuki varl\u0131\u011f\u0131 ifade eder.<\/li>\n<\/ul>\n<h2>\u00c7erez Kullan\u0131m\u0131<\/h2>\n<h3>Kulland\u0131\u011f\u0131m\u0131z \u00c7erez T\u00fcrleri<\/h3>\n<p>\u00c7erezler &#8220;Kal\u0131c\u0131 \u00c7erezler&#8221; veya &#8220;Oturum \u00c7erezleri&#8221; olabilir. Kal\u0131c\u0131 \u00c7erezler, \u00e7evrimd\u0131\u015f\u0131 oldu\u011funuzda bile bilgisayar\u0131n\u0131zda veya mobil cihaz\u0131n\u0131zda kal\u0131r; Oturum \u00c7erezleri ise taray\u0131c\u0131n\u0131z\u0131 kapatt\u0131\u011f\u0131n\u0131zda hemen silinir.<\/p>\n<p>A\u015fa\u011f\u0131da belirtilen ama\u00e7lar i\u00e7in hem oturum \u00e7erezleri hem de kal\u0131c\u0131 \u00e7erezler kullan\u0131yoruz:<\/p>\n<ul>\n<li><strong>Gerekli \/ Temel \u00c7erezler:<\/strong> Ama\u00e7: Bu \u00e7erezler, size web sitesi arac\u0131l\u0131\u011f\u0131yla sunulan hizmetleri sa\u011flamak ve baz\u0131 \u00f6zelliklerini kullanman\u0131z\u0131 sa\u011flamak i\u00e7in gereklidir. Kullan\u0131c\u0131lar\u0131n kimliklerini do\u011frulamaya ve kullan\u0131c\u0131 hesaplar\u0131n\u0131n hileli kullan\u0131m\u0131n\u0131 \u00f6nlemeye yard\u0131mc\u0131 olurlar. Bu \u00e7erezler olmadan, talep etti\u011finiz hizmetler sa\u011flanamaz ve bu \u00e7erezleri yaln\u0131zca bu hizmetleri Size sa\u011flamak i\u00e7in kullan\u0131r\u0131z.<\/li>\n<li><strong>\u00c7erez politikas\u0131n\u0131n onay\u0131 \/ kabul\u00fc i\u00e7in \u00c7erezler:<\/strong> Biz Ama\u00e7: Bu \u00e7erezler, kullan\u0131c\u0131lar\u0131n web sitesinde \u00e7erez kullan\u0131m\u0131na izin verip vermedi\u011fini belirler.<\/li>\n<li><strong>\u0130\u015flevsellik \u00c7erezleri:<\/strong> Ama\u00e7: Bu \u00e7erezler, web sitesini kullan\u0131rken yapt\u0131\u011f\u0131n\u0131z giri\u015f bilgilerinizi veya dil tercihinizi hat\u0131rlamak gibi se\u00e7imleri hat\u0131rlamam\u0131z\u0131 sa\u011flar. Bu \u00e7erezlerin amac\u0131, Size daha ki\u015fisel bir deneyim sunmak ve Web Sitesini her kulland\u0131\u011f\u0131n\u0131zda tercihlerinizi yeniden girmek zorunda kalman\u0131z\u0131 \u00f6nlemektir.<\/li>\n<li><strong>\u0130zleme ve performans \u00c7erezleri:<\/strong> \u00dc\u00e7\u00fcnc\u00fc Taraf Ama\u00e7: Bu \u00e7erezler, web sitesine gelen trafik ve kullan\u0131c\u0131lar\u0131n web sitesini nas\u0131l kulland\u0131klar\u0131 hakk\u0131ndaki bilgileri izlemek i\u00e7in kullan\u0131l\u0131r. Bu \u00e7erezler arac\u0131l\u0131\u011f\u0131yla toplanan bilgiler do\u011frudan veya dolayl\u0131 olarak sizi bireysel bir ziyaret\u00e7i olarak tan\u0131mlayabilir. Bunun nedeni, toplanan bilgilerin genellikle Web Sitesine eri\u015fmek i\u00e7in kulland\u0131\u011f\u0131n\u0131z cihazla ili\u015fkili bir takma ad tan\u0131mlay\u0131c\u0131s\u0131na ba\u011fl\u0131 olmas\u0131d\u0131r. Bu \u00e7erezleri, kullan\u0131c\u0131lar\u0131m\u0131z\u0131n bunlara nas\u0131l tepki verdi\u011fini g\u00f6rmek amac\u0131yla web sitesindeki yeni reklamlar\u0131, sayfalar\u0131, \u00f6zellikleri veya i\u015flevleri test etmek i\u00e7in de kullanabiliriz.<\/li>\n<\/ul>\n<h2>\u00c7erezler Hakk\u0131ndaki Tercihleriniz<\/h2>\n<p>Web sitesinde \u00e7erezlerin kullan\u0131lmas\u0131n\u0131 engellemek istiyorsan\u0131z, \u00f6nce taray\u0131c\u0131n\u0131zda \u00e7erezleri devre d\u0131\u015f\u0131 b\u0131rakman\u0131z ve ard\u0131ndan bu web sitesine ait taray\u0131c\u0131n\u0131zdaki kay\u0131tl\u0131 \u00e7erezleri temizlemeniz gerekir. \u00c7erezlerin kullan\u0131lmas\u0131n\u0131 her zaman bu se\u00e7ene\u011fi kullanarak engelleyebilirsiniz.<\/p>\n<p>\u00c7erezlerimizi kabul etmezseniz, web sitesinin kullan\u0131m\u0131nda baz\u0131 zorluklarla kar\u015f\u0131la\u015fabilirsiniz ve baz\u0131 \u00f6zellikler d\u00fczg\u00fcn \u00e7al\u0131\u015fmayabilir.<\/p>\n<p>\u00c7erezleri silmek veya taray\u0131c\u0131n\u0131za \u00e7erezleri silmesini veya reddetmesini emretmek istiyorsan\u0131z, l\u00fctfen taray\u0131c\u0131n\u0131z\u0131n yard\u0131m sayfalar\u0131n\u0131 ziyaret edin.<\/p>\n<ul>\n<li>Chrome taray\u0131c\u0131s\u0131 i\u00e7in, l\u00fctfen \u015fu Google sayfas\u0131n\u0131 ziyaret edin : <a href=\"https:\/\/support.google.com\/accounts\/answer\/32050\" target=\"_blank\" rel=\"external nofollow noopener\">https:\/\/support.google.com\/accounts\/answer\/32050<\/a><\/li>\n<li>Internet Explorer taray\u0131c\u0131s\u0131 i\u00e7in, l\u00fctfen \u015fu Microsoft sayfas\u0131n\u0131 ziyaret edin : <a href=\"http:\/\/support.microsoft.com\/kb\/278835\" target=\"_blank\" rel=\"external nofollow noopener\">http:\/\/support.microsoft.com\/kb\/278835<\/a><\/li>\n<li>Firefox taray\u0131c\u0131s\u0131 i\u00e7in, l\u00fctfen \u015fu Mozilla sayfas\u0131n\u0131 ziyaret edin : <a href=\"https:\/\/support.mozilla.org\/fr\/kb\/effacer-les-cookies-pour-supprimer-les-informations\" target=\"_blank\" rel=\"external nofollow noopener\">https:\/\/support.mozilla.org\/fr\/kb\/effacer-les-cookies-pour-supprimer-les-informations<\/a><\/li>\n<li>Safari taray\u0131c\u0131s\u0131 i\u00e7in, l\u00fctfen \u015fu Apple sayfas\u0131n\u0131 ziyaret edin : <a href=\"https:\/\/support.apple.com\/fr-fr\/guide\/safari\/sfri11471\/mac\" target=\"_blank\" rel=\"external nofollow noopener\">https:\/\/support.apple.com\/fr-fr\/guide\/safari\/sfri11471\/mac<\/a><\/li>\n<\/ul>\n<p>Ba\u015fka bir taray\u0131c\u0131 kullan\u0131yorsan\u0131z, l\u00fctfen taray\u0131c\u0131n\u0131z\u0131n resmi yard\u0131m sayfalar\u0131n\u0131 ziyaret edin.<\/p>\n<h2>Bize Ula\u015f\u0131n<\/h2>\n<p>Bu \u00e7erez politikas\u0131 ile ilgili sorular\u0131n\u0131z varsa, bize \u015fu y\u00f6ntemlerle ula\u015fabilirsiniz:<\/p>\n<ul>\n<li>Web sitemizdeki bu sayfay\u0131 ziyaret ederek : <a href=\"https:\/\/ladreve.com\/tr\/iletisim\/\">http:\/\/ladreve.com\/communication\/<\/a><\/li>\n<li>Bir e-posta g\u00f6ndererek : <a href=\"mailto:info@ladreve.com\">info@ladreve.com<\/a><\/li>\n<\/ul>\n","protected":false},"excerpt":{"rendered":"<p>Yorumlama ve Tan\u0131mlar Yorumlama \u0130lk harfi b\u00fcy\u00fck olan kelimeler, a\u015fa\u011f\u0131daki \u015fartlarda tan\u0131mlanan anlamlara sahiptir. Bu tan\u0131mlar, tekil veya \u00e7o\u011ful bi\u00e7imde g\u00f6r\u00fcnmeleri fark etmeksizin ayn\u0131 anlam\u0131 ta\u015f\u0131r. Tan\u0131mlar Bu \u00e7erez politikas\u0131 ba\u011flam\u0131nda: \u015eirket (&#8220;\u015eirket&#8221;, &#8220;Biz&#8221;, &#8220;Bizim&#8221; veya &#8220;Bizimki&#8221; olarak an\u0131labilir) La Dr\u00e8ve Real Estate\u2019i ifade eder. \u00c7erezler (Cookies), bir web sitesi taraf\u0131ndan bilgisayar\u0131n\u0131za, mobil cihaz\u0131n\u0131za veya [&hellip;]<\/p>\n","protected":false},"author":1,"featured_media":0,"parent":0,"menu_order":0,"comment_status":"closed","ping_status":"closed","template":"","meta":{"_acf_changed":false,"inline_featured_image":false,"footnotes":""},"class_list":["post-1073","page","type-page","status-publish","hentry"],"acf":[],"_links":{"self":[{"href":"https:\/\/ladreve.com\/tr\/wp-json\/wp\/v2\/pages\/1073","targetHints":{"allow":["GET"]}}],"collection":[{"href":"https:\/\/ladreve.com\/tr\/wp-json\/wp\/v2\/pages"}],"about":[{"href":"https:\/\/ladreve.com\/tr\/wp-json\/wp\/v2\/types\/page"}],"author":[{"embeddable":true,"href":"https:\/\/ladreve.com\/tr\/wp-json\/wp\/v2\/users\/1"}],"replies":[{"embeddable":true,"href":"https:\/\/ladreve.com\/tr\/wp-json\/wp\/v2\/comments?post=1073"}],"version-history":[{"count":4,"href":"https:\/\/ladreve.com\/tr\/wp-json\/wp\/v2\/pages\/1073\/revisions"}],"predecessor-version":[{"id":1829,"href":"https:\/\/ladreve.com\/tr\/wp-json\/wp\/v2\/pages\/1073\/revisions\/1829"}],"wp:attachment":[{"href":"https:\/\/ladreve.com\/tr\/wp-json\/wp\/v2\/media?parent=1073"}],"curies":[{"name":"wp","href":"https:\/\/api.w.org\/{rel}","templated":true}]}}