{"id":1341,"date":"2024-09-03T13:55:20","date_gmt":"2024-09-03T13:55:20","guid":{"rendered":"http:\/\/ladreve.com\/politique-de-confidentialite\/"},"modified":"2024-11-05T10:49:19","modified_gmt":"2024-11-05T10:49:19","slug":"datenschutzrichtlinie","status":"publish","type":"page","link":"https:\/\/ladreve.com\/de\/datenschutzrichtlinie\/","title":{"rendered":"Datenschutzrichtlinie"},"content":{"rendered":"<p><strong>Neuestes<\/strong> <strong>Update<\/strong> <strong>aktualisiert<\/strong> <strong>:<\/strong> <strong>26.08.2024<\/strong> stark&gt;<\/p>\n<p>Ziel dieser Datenschutzerkl\u00e4rung ist es, Sie transparent \u00fcber die Erhebung, Nutzung, Speicherung und den Schutz Ihrer personenbezogenen Daten bei Nutzung unserer Seite zu informieren.<\/p>\n<h2>1. Datenverarbeiter<\/h2>\n<p>Der Datenverantwortliche ist La Dr\u00e8ve. Bei Fragen zum Schutz Ihrer personenbezogenen Daten k\u00f6nnen Sie uns unter der folgenden E-Mail-Adresse kontaktieren: <a href=\"mailto:info@ladreve.com\">info@ladreve.com<\/a><\/p>\n<h2>2. Erfasste Daten<\/h2>\n<p>Wir erfassen verschiedene Arten personenbezogener Daten f\u00fcr unterschiedliche Zwecke:<\/p>\n<ul>\n<li><strong>Identifikationsdaten<\/strong> <strong>:<\/strong> Name, Vorname, Adresse, Telefonnummer, E-Mail-Adresse,<\/li>\n<li><strong>Daten<\/strong> <strong>der<\/strong> <strong>Verbindung<\/strong> <strong>:<\/strong> IP-Adresse, Verbindungsprotokolle,<\/li>\n<li><strong>Daten<\/strong> <strong>von<\/strong> <strong>Navigation<\/strong> <strong>:<\/strong> Navigationsverlauf auf der Website, Cookies,<\/li>\n<li><strong>Daten<\/strong> <strong>Finanzdaten<\/strong> <strong>:<\/strong> Informationen, die ggf. f\u00fcr die Immobilientransaktion oder die Zahlungsabwicklung erforderlich sind.<\/li>\n<li><strong>Nutzungsdaten<\/strong> <strong>:<\/strong> Benutzerpr\u00e4ferenzen und -verhalten<\/li>\n<\/ul>\n<h2>3. Zwecke der Datenverarbeitung<\/h2>\n<p>Die von uns erhobenen Daten werden f\u00fcr folgende Zwecke verwendet:<\/p>\n<ul>\n<li><strong>Management<\/strong> <strong>der<\/strong> <strong>Beziehung<\/strong> <strong>Kunden<\/strong> <strong>:&lt;\/strong &gt; Beantworten Sie Ihre Kontaktanfragen, verwalten Sie Ihre Konten und Ihre Dienste<\/strong><\/li>\n<li><strong>Werbung<\/strong> <strong>und<\/strong> <strong>Marketing<\/strong> <strong>:<\/strong> Ihnen Werbeangebote und Informationen zu unseren Dienstleistungen zusenden (sofern Sie zugestimmt haben) .<\/li>\n<li><strong>Verbesserung<\/strong> <strong>des<\/strong> <strong>Service<\/strong> <strong>:<\/strong> die Nutzung unserer Website verstehen und unsere verbessern<\/li>\n<li><strong>Compliance<\/strong> <strong>legal<\/strong> <strong>:<\/strong> Einhaltung gesetzlicher und beh\u00f6rdlicher Verpflichtungen.<\/li>\n<\/ul>\n<h2>4. Rechtsgrundlage der Datenverarbeitung<\/h2>\n<p>Die Verarbeitung Ihrer personenbezogenen Daten basiert auf mehreren Rechtsgrundlagen:<\/p>\n<ul>\n<li><strong>Die<\/strong> <strong>Einwilligung<\/strong> <strong>:<\/strong> wenn Sie der Nutzung Ihrer Daten f\u00fcr bestimmte Zwecke ausdr\u00fccklich zugestimmt haben.<\/li>\n<li><strong>Die Ausf\u00fchrung<\/strong> <strong>eines<\/strong> <strong>Vertrags<\/strong> <strong>:<\/strong> wenn die Verarbeitung f\u00fcr die Ausf\u00fchrung eines Vertrags erforderlich ist Du bist<\/li>\n<li><strong>Rechtliche Verpflichtung<\/strong> <strong>:<\/strong> zur Einhaltung einer gesetzlichen oder beh\u00f6rdlichen Verpflichtung.<\/li>\n<li><strong>Berechtigtes Interesse<\/strong> <strong>:<\/strong> wenn die Verarbeitung zur Verfolgung unserer berechtigten Interessen erforderlich ist, beispielsweise zur Betrugspr\u00e4vention oder zur Gew\u00e4hrleistung der Sicherheit unserer Netzwerk- und Informationssysteme.&lt; \/li&gt;<\/li>\n<\/ul>\n<h2>5. Aufbewahrungsfrist f\u00fcr Daten<\/h2>\n<p>Ihre personenbezogenen Daten werden nur so lange aufbewahrt, wie es f\u00fcr die Zwecke, f\u00fcr die sie erhoben und verarbeitet werden, und in \u00dcbereinstimmung mit der geltenden Gesetzgebung erforderlich ist. Nach Ablauf dieser Frist werden Ihre Daten gel\u00f6scht oder anonymisiert.<\/p>\n<h2>6. Weitergabe personenbezogener Daten<\/h2>\n<p>Ihre personenbezogenen Daten k\u00f6nnen weitergegeben werden an:<\/p>\n<ul>\n<li><strong>Dienstleister, die als Subunternehmer im Namen von La Dr\u00e8ve und ausschlie\u00dflich f\u00fcr die Zwecke der Dienstleistungen fungieren<\/strong><\/li>\n<li><strong>\u00d6ffentliche Beh\u00f6rden: wenn gesetzlich vorgeschrieben.<\/strong><\/li>\n<li><strong>Von<\/strong> <strong>Partnern<\/strong> <strong>:<\/strong> mit Ihrer Einwilligung<\/li>\n<\/ul>\n<h2>7. Ihre Rechte<\/h2>\n<p>Gem\u00e4\u00df der DSGVO haben Sie hinsichtlich Ihrer personenbezogenen Daten mehrere Rechte:<\/p>\n<ul>\n<li><strong>Zugriffsrecht<\/strong> <strong>:<\/strong> Sie haben das Recht, Zugriff auf Ihre Daten zu verlangen<\/li>\n<li><strong>Recht<\/strong> <strong>auf<\/strong> <strong>Berichtigung<\/strong> <strong>:<\/strong> Sie k\u00f6nnen die Berichtigung Ihrer personenbezogenen Daten verlangen, wenn diese unrichtig oder unvollst\u00e4ndig sind .<\/li>\n<li><strong>Recht<\/strong> <strong>auf<\/strong> <strong>L\u00f6schung<\/strong> <strong>:<\/strong> Sie k\u00f6nnen in bestimmten F\u00e4llen die L\u00f6schung Ihrer personenbezogenen Daten verlangenDie Umst\u00e4nde.<\/li>\n<li><strong>Recht<\/strong> <strong>auf<\/strong> <strong>Einschr\u00e4nkung<\/strong> <strong>der<\/strong> <strong>Verarbeitung<\/strong> &gt; <strong>:&lt;\/ strong&gt;Sie k\u00f6nnen beantragen, die Verarbeitung Ihrer Daten in bestimmten Bereichen einzuschr\u00e4nken<\/strong><\/li>\n<li><strong>Recht<\/strong> <strong>auf<\/strong> <strong>Portabilit\u00e4t<\/strong> <strong>:<\/strong> Sie haben das Recht, Ihre personenbezogenen Daten in einer strukturierten, allgemein verwendeten Form zu erhalten und lesbares Format<\/li>\n<li><strong>Widerspruchsrecht: <\/strong>Sie k\u00f6nnen der Verarbeitung Ihrer Daten aus Gr\u00fcnden, die sich aus Ihrer besonderen Situation ergeben, insbesondere im Hinblick auf Profiling oder Marketing, jederzeit widersprechen<\/li>\n<li><strong>Recht<\/strong> <strong>auf<\/strong> <strong>Ihre<\/strong> <strong>Einwilligung<\/strong> <strong>zu widerrufen<\/strong>:&lt;\/strong &gt; Wenn die Verarbeitung auf Ihrer Einwilligung beruht, haben Sie das Recht, diese jederzeit zu widerrufen<\/li>\n<\/ul>\n<p>Um diese Rechte auszu\u00fcben, kontaktieren Sie uns bitte unter der folgenden E-Mail-Adresse: [Kontakt-E-Mail].<\/p>\n<h2>8. Datensicherheit<\/h2>\n<p>Wir ergreifen geeignete technische und organisatorische Ma\u00dfnahmen, um Ihre personenbezogenen Daten vor Verlust, Diebstahl, Missbrauch oder unberechtigtem Zugriff zu sch\u00fctzen. Allerdings ist keine Methode der \u00dcbertragung \u00fcber das Internet oder der elektronischen Speicherung zu 100 % sicher und wir k\u00f6nnen keine absolute Sicherheit garantieren.<\/p>\n<h2>9. Daten\u00fcbermittlung au\u00dferhalb der Europ\u00e4ischen Union<\/h2>\n<p>Wir verpflichten uns, Ihre personenbezogenen Daten nicht au\u00dferhalb der Europ\u00e4ischen Union zu \u00fcbermitteln, es sei denn, es werden angemessene Sicherheitsvorkehrungen zum Schutz Ihrer Daten gem\u00e4\u00df der DSGVO getroffen.<\/p>\n<h2>10. Cookies<\/h2>\n<p>Unsere Website verwendet Cookies, um Ihr Benutzererlebnis zu verbessern. Ein Cookie ist eine kleine Textdatei, die auf Ihrem Ger\u00e4t gespeichert wird, wenn Sie unsere Website besuchen. Sie k\u00f6nnen Ihren Browser so konfigurieren, dass er alle Cookies ablehnt oder anzeigt, wann ein Cookie gesendet wird. Allerdings funktionieren einige Funktionen unserer Website m\u00f6glicherweise nicht ordnungsgem\u00e4\u00df, wenn Cookies deaktiviert sind.<\/p>\n<h2>11. \u00c4nderungen der Datenschutzrichtlinie<\/h2>\n<p>Wir k\u00f6nnen diese Datenschutzrichtlinie jederzeit aktualisieren, um \u00c4nderungen in unseren Praktiken oder aus anderen betrieblichen, rechtlichen oder regulatorischen Gr\u00fcnden Rechnung zu tragen. Wir empfehlen Ihnen, diese Seite regelm\u00e4\u00dfig zu \u00fcberpr\u00fcfen, um \u00fcber die neuesten Informationen zu unseren Datenschutzpraktiken auf dem Laufenden zu bleiben.<\/p>\n<h2>12. Kontakt<\/h2>\n<p>Wenn Sie Fragen oder W\u00fcnsche zu dieser Datenschutzrichtlinie haben, kontaktieren Sie uns bitte unter: <a href=\"mailto:info@ladreve.com\">info@ladreve.com<\/a><\/p>\n<p>Vielen Dank f\u00fcr Ihr Vertrauen und Ihren Besuch in La Dr\u00e8ve.<\/p>\n","protected":false},"excerpt":{"rendered":"<p>Neuestes Update aktualisiert : 26.08.2024 stark&gt; Ziel dieser Datenschutzerkl\u00e4rung ist es, Sie transparent \u00fcber die Erhebung, Nutzung, Speicherung und den Schutz Ihrer personenbezogenen Daten bei Nutzung unserer Seite zu informieren. 1. Datenverarbeiter Der Datenverantwortliche ist La Dr\u00e8ve. Bei Fragen zum Schutz Ihrer personenbezogenen Daten k\u00f6nnen Sie uns unter der folgenden E-Mail-Adresse kontaktieren: info@ladreve.com 2. Erfasste [&hellip;]<\/p>\n","protected":false},"author":1,"featured_media":1291,"parent":0,"menu_order":0,"comment_status":"closed","ping_status":"closed","template":"","meta":{"_acf_changed":false,"inline_featured_image":false,"footnotes":""},"class_list":["post-1341","page","type-page","status-publish","has-post-thumbnail","hentry"],"acf":[],"_links":{"self":[{"href":"https:\/\/ladreve.com\/de\/wp-json\/wp\/v2\/pages\/1341","targetHints":{"allow":["GET"]}}],"collection":[{"href":"https:\/\/ladreve.com\/de\/wp-json\/wp\/v2\/pages"}],"about":[{"href":"https:\/\/ladreve.com\/de\/wp-json\/wp\/v2\/types\/page"}],"author":[{"embeddable":true,"href":"https:\/\/ladreve.com\/de\/wp-json\/wp\/v2\/users\/1"}],"replies":[{"embeddable":true,"href":"https:\/\/ladreve.com\/de\/wp-json\/wp\/v2\/comments?post=1341"}],"version-history":[{"count":8,"href":"https:\/\/ladreve.com\/de\/wp-json\/wp\/v2\/pages\/1341\/revisions"}],"predecessor-version":[{"id":1848,"href":"https:\/\/ladreve.com\/de\/wp-json\/wp\/v2\/pages\/1341\/revisions\/1848"}],"wp:featuredmedia":[{"embeddable":true,"href":"https:\/\/ladreve.com\/de\/wp-json\/wp\/v2\/media\/1291"}],"wp:attachment":[{"href":"https:\/\/ladreve.com\/de\/wp-json\/wp\/v2\/media?parent=1341"}],"curies":[{"name":"wp","href":"https:\/\/api.w.org\/{rel}","templated":true}]}}