{"id":1324,"date":"2024-09-03T14:07:27","date_gmt":"2024-09-03T14:07:27","guid":{"rendered":"http:\/\/ladreve.com\/gerer-les-parametres-des-cookies\/"},"modified":"2024-11-05T10:35:17","modified_gmt":"2024-11-05T10:35:17","slug":"cookie-einstellungen-verwalten","status":"publish","type":"page","link":"https:\/\/ladreve.com\/de\/cookie-einstellungen-verwalten\/","title":{"rendered":"Cookie-Einstellungen verwalten"},"content":{"rendered":"<h2><strong>Interpretation und Definitionen<\/strong><\/h2>\n<h3>Interpretation<\/h3>\n<p>W\u00f6rter, deren Anfangsbuchstaben gro\u00dfgeschrieben werden, haben die in den folgenden Bedingungen definierte Bedeutung. Die folgenden Definitionen haben die gleiche Bedeutung, unabh\u00e4ngig davon, ob sie im Singular oder im Plural erscheinen.<\/p>\n<h3><strong>Definitionen<\/strong><\/h3>\n<p>F\u00fcr die Zwecke dieser Cookie-Richtlinie:<\/p>\n<ul>\n<li><strong>Unternehmen<\/strong> (in dieser Cookie-Richtlinie entweder als \u201edas Unternehmen\u201c, \u201ewir\u201c, \u201euns\u201c oder \u201eunser\u201c bezeichnet) bezieht sich auf La Dr\u00e8ve Real Estate.<\/li>\n<li><strong>Cookies<\/strong> sind kleine Dateien, die von einer Website auf Ihrem Computer, Mobilger\u00e4t oder einem anderen Ger\u00e4t abgelegt werden und unter anderem Details zu Ihrem Browserverlauf auf dieser Website enthalten.<\/li>\n<li><strong>Website<\/strong> bezieht sich auf La Dr\u00e8ve Real Estate, zug\u00e4nglich \u00fcber <a href=\"https:\/\/ladreve.com\/de\/\">ladreve.com<\/a><\/li>\n<li><strong>Sie<\/strong> bezeichnet die Person, die auf die Website zugreift oder diese nutzt, oder ein Unternehmen oder eine juristische Person, in deren Namen diese Person auf die Website zugreift oder diese nutzt.<\/li>\n<\/ul>\n<h2><strong>Verwendung von Cookies<\/strong><\/h2>\n<h3><strong>Arten von Cookies, die wir verwenden<\/strong><\/h3>\n<p>Cookies k\u00f6nnen \u201epersistente Cookies\u201c oder \u201eSitzungscookies\u201c sein. Permanente Cookies verbleiben auf Ihrem pers\u00f6nlichen Computer oder Mobilger\u00e4t, wenn Sie offline sind, w\u00e4hrend Sitzungscookies gel\u00f6scht werden, sobald Sie Ihren Webbrowser schlie\u00dfen.<\/p>\n<p>Wir verwenden sowohl Sitzungscookies als auch dauerhafte Cookies f\u00fcr die unten aufgef\u00fchrten Zwecke:<\/p>\n<ul>\n<li><strong>Notwendige\/wesentliche Cookies<\/strong>: Diese Cookies sind unerl\u00e4sslich, um Ihnen die \u00fcber die Website verf\u00fcgbaren Dienste bereitzustellen und Ihnen die Nutzung einiger ihrer Funktionen zu erm\u00f6glichen. Sie helfen dabei, Benutzer zu authentifizieren und die betr\u00fcgerische Nutzung von Benutzerkonten zu verhindern. Ohne diese Cookies k\u00f6nnen die von Ihnen angeforderten Dienste nicht bereitgestellt werden und wir verwenden diese Cookies nur, um Ihnen diese Dienste bereitzustellen.<\/li>\n<li><strong>Zustimmungs-Cookies\/Akzeptanz der Cookie-Richtlinie<\/strong>: Diese Cookies ermitteln, ob Benutzer die Verwendung von Cookies auf der Website akzeptiert haben.<\/li>\n<li><strong>Funktionscookies<\/strong>: Diese Cookies erm\u00f6glichen es uns, Entscheidungen zu speichern, die Sie bei der Nutzung der Website treffen, wie z. B. Ihre Anmeldeinformationen oder Ihre Sprachpr\u00e4ferenz. Der Zweck dieser Cookies besteht darin, Ihnen ein pers\u00f6nlicheres Erlebnis zu bieten und zu vermeiden, dass Sie Ihre Pr\u00e4ferenzen bei jeder Nutzung der Website erneut eingeben m\u00fcssen.<\/li>\n<li><strong>Tracking- und Leistungscookies<\/strong>: Diese Cookies werden verwendet, um Informationen \u00fcber den Verkehr auf der Website und die Art und Weise, wie Benutzer die Website nutzen, zu verfolgen. Durch diese Cookies gesammelte Informationen k\u00f6nnen Sie direkt oder indirekt als einzelnen Besucher identifizieren. Dies liegt daran, dass die gesammelten Informationen in der Regel mit einer pseudonymen Kennung verkn\u00fcpft sind, die mit dem Ger\u00e4t verkn\u00fcpft ist, das Sie f\u00fcr den Zugriff auf die Website verwenden. Wir k\u00f6nnen diese Cookies auch verwenden, um neue Anzeigen, Seiten, Funktionen oder Funktionen der Website zu testen, um zu sehen, wie unsere Benutzer darauf reagieren.<\/li>\n<\/ul>\n<h2><strong>Ihre Wahlm\u00f6glichkeiten bez\u00fcglich Cookies<\/strong><\/h2>\n<p>Wenn Sie die Verwendung von Cookies auf der Website vermeiden m\u00f6chten, m\u00fcssen Sie zun\u00e4chst die Verwendung von Cookies in Ihrem Browser deaktivieren und dann die in Ihrem Browser gespeicherten Cookies l\u00f6schen, die mit dieser Website verkn\u00fcpft sind. Mit dieser Option k\u00f6nnen Sie die Verwendung von Cookies jederzeit verhindern.<\/p>\n<p>Wenn Sie unsere Cookies nicht akzeptieren, kann es bei der Nutzung der Website zu Unannehmlichkeiten kommen und bestimmte Funktionen funktionieren m\u00f6glicherweise nicht ordnungsgem\u00e4\u00df.<\/p>\n<p>Wenn Sie Cookies l\u00f6schen oder Ihren Webbrowser anweisen m\u00f6chten, Cookies zu l\u00f6schen oder abzulehnen, besuchen Sie bitte die Hilfeseiten Ihres Webbrowsers.<\/p>\n<ul>\n<li>F\u00fcr den Chrome-Webbrowser besuchen Sie bitte diese Seite von Google: <a href=\"https:\/\/support.google.com\/accounts\/answer\/32050\" target=\"_blank\" rel=\"external nofollow noopener\"> https :\/\/support.google.com\/accounts\/answer\/32050<\/a><\/li>\n<li>F\u00fcr den Internet Explorer-Webbrowser besuchen Sie bitte diese Seite von Microsoft: <a href=\"http:\/\/support.microsoft.com\/kb\/278835\" target=\"_blank\" rel=\"external nofollow noopener\">http: \/\/support.microsoft.com\/kb\/278835<\/a><\/li>\n<li>F\u00fcr Fire-Webbrowserfox, besuchen Sie bitte diese Mozilla-Seite: <a href=\"https:\/\/support.mozilla.org\/en\/kb\/clear-cookies-to-delete-information\" target=\"_blank\" rel=\"external nofollow noopener\"> https:\/\/support.mozilla.org\/fr\/kb\/effacer-les-cookies-pour-supprimer-les-information<\/a><\/li>\n<li>F\u00fcr den Safari-Webbrowser besuchen Sie bitte diese Apple-Seite: <a href=\"https:\/\/support.apple.com\/fr-fr\/guide\/safari\/sfri11471\/mac\" target=\"_blank\" rel=\"Nofollow Noopener externer noopener\">https:\/\/support.apple.com\/fr-fr\/guide\/safari\/sfri11471\/mac<\/a><\/li>\n<\/ul>\n<p>F\u00fcr alle anderen Webbrowser besuchen Sie bitte die offiziellen Webseiten Ihres Webbrowsers.<\/p>\n<h2><strong>Kontaktieren Sie uns<\/strong><\/h2>\n<p>Wenn Sie Fragen zu dieser Cookie-Richtlinie haben, k\u00f6nnen Sie uns kontaktieren:<\/p>\n<ul>\n<li>Durch den Besuch dieser Seite auf unserer Website: <a href=\"https:\/\/ladreve.com\/de\/kommunikation\/\">http:\/\/ladreve.com\/communication\/<\/a><\/li>\n<li>Indem Sie uns eine E-Mail senden: <a href=\"mailto:info@ladreve.com\">info@ladreve.com<\/a><\/li>\n<\/ul>\n","protected":false},"excerpt":{"rendered":"<p>Interpretation und Definitionen Interpretation W\u00f6rter, deren Anfangsbuchstaben gro\u00dfgeschrieben werden, haben die in den folgenden Bedingungen definierte Bedeutung. Die folgenden Definitionen haben die gleiche Bedeutung, unabh\u00e4ngig davon, ob sie im Singular oder im Plural erscheinen. Definitionen F\u00fcr die Zwecke dieser Cookie-Richtlinie: Unternehmen (in dieser Cookie-Richtlinie entweder als \u201edas Unternehmen\u201c, \u201ewir\u201c, \u201euns\u201c oder \u201eunser\u201c bezeichnet) bezieht sich [&hellip;]<\/p>\n","protected":false},"author":1,"featured_media":0,"parent":0,"menu_order":0,"comment_status":"closed","ping_status":"closed","template":"","meta":{"_acf_changed":false,"inline_featured_image":false,"footnotes":""},"class_list":["post-1324","page","type-page","status-publish","hentry"],"acf":[],"_links":{"self":[{"href":"https:\/\/ladreve.com\/de\/wp-json\/wp\/v2\/pages\/1324","targetHints":{"allow":["GET"]}}],"collection":[{"href":"https:\/\/ladreve.com\/de\/wp-json\/wp\/v2\/pages"}],"about":[{"href":"https:\/\/ladreve.com\/de\/wp-json\/wp\/v2\/types\/page"}],"author":[{"embeddable":true,"href":"https:\/\/ladreve.com\/de\/wp-json\/wp\/v2\/users\/1"}],"replies":[{"embeddable":true,"href":"https:\/\/ladreve.com\/de\/wp-json\/wp\/v2\/comments?post=1324"}],"version-history":[{"count":5,"href":"https:\/\/ladreve.com\/de\/wp-json\/wp\/v2\/pages\/1324\/revisions"}],"predecessor-version":[{"id":1828,"href":"https:\/\/ladreve.com\/de\/wp-json\/wp\/v2\/pages\/1324\/revisions\/1828"}],"wp:attachment":[{"href":"https:\/\/ladreve.com\/de\/wp-json\/wp\/v2\/media?parent=1324"}],"curies":[{"name":"wp","href":"https:\/\/api.w.org\/{rel}","templated":true}]}}